{"id":60,"date":"2017-02-10T14:24:37","date_gmt":"2017-02-10T14:24:37","guid":{"rendered":"http:\/\/dieselbibel.de\/?page_id=60"},"modified":"2017-03-13T12:32:56","modified_gmt":"2017-03-13T12:32:56","slug":"das-unterdruck-system","status":"publish","type":"page","link":"https:\/\/dieselbibel.de\/?page_id=60","title":{"rendered":"Das Unterdruck-System"},"content":{"rendered":"<h2><a name=\"_Toc444197419\"><\/a>1.1\u00a0\u00a0\u00a0\u00a0\u00a0\u00a0 Unterdruck-System<\/h2>\n<p>Da ab dem Turbolader\u00a0im gesamten \u201eAnsaug\u201c-System ein <strong>\u00dcberdruck<\/strong> herrscht (im Gegensatz zu Sauger-Motoren) besitzt der M57\u00a0Motor eine Unterdruckpumpe, die von der Nockenwelle angetrieben wird. Der Unterdruck\u00a0im\u00a0 gesamten System muss mindestens 650 mbar betragen.<\/p>\n<p>Dieser herrschende Unterdruck\u00a0ist die Kraft zur Verstellung von unterschiedlichen Stellgliedern. Damit dieser Unterdruck geregelt eingesetzt werden kann, wird dieser mit den \u201eDruckwandlern\u201c oder \u201eDruck-Regelventilen\u201c gesteuert. Diese Druckwandler\u00a0haben alle einen elektrischen Anschluss und werden vom Motor-Steuerger\u00e4t angesteuert.<\/p>\n<p>Insgesamt sind 4 (beim Automatik-Getriebe 5) Unterdruck-Verbraucher angeschlossen:<\/p>\n<ol>\n<li>Bremskraftverst\u00e4rker<\/li>\n<li>Turbo-Verstellung (VTG)<\/li>\n<li>AGR-Verstellung (Abgas-R\u00fcckf\u00fchrung)<\/li>\n<li>Motorlager-Verstellung<\/li>\n<li>Drallklappen\u00a0Verstellung (Automatik)<a name=\"_Toc438450565\"><\/a><\/li>\n<\/ol>\n<p>Schema Unterdrucksystem<br \/>\n<img loading=\"lazy\" decoding=\"async\" class=\"size-large wp-image-171 aligncenter\" src=\"http:\/\/dieselbibel.de\/wp-content\/uploads\/2017\/02\/v24-1024x597.png\" alt=\"\" width=\"584\" height=\"340\" srcset=\"https:\/\/dieselbibel.de\/wp-content\/uploads\/2017\/02\/v24-1024x597.png 1024w, https:\/\/dieselbibel.de\/wp-content\/uploads\/2017\/02\/v24-300x175.png 300w, https:\/\/dieselbibel.de\/wp-content\/uploads\/2017\/02\/v24-768x448.png 768w, https:\/\/dieselbibel.de\/wp-content\/uploads\/2017\/02\/v24-500x291.png 500w, https:\/\/dieselbibel.de\/wp-content\/uploads\/2017\/02\/v24.png 1218w\" sizes=\"auto, (max-width: 584px) 100vw, 584px\" \/><span style=\"color: #ff0000;\"><strong>Aus diesem Schema wird ersichtlich, dass eine einzelne Undichtigkeit im System immer das ganze System beeinflusst.<\/strong> <\/span>Mit Ausnahme der Turbo-Verstellung (VTG)\u00a0 und eines Motorlagers liegen alle Teile auf der linken Motorseite unterhalb des Luftsammlers.<\/p>\n<h3><a name=\"_Toc444197420\"><\/a>1.1.1\u00a0\u00a0\u00a0\u00a0\u00a0\u00a0\u00a0\u00a0 Besonderheiten zu den Schlauch-Bezeichnungen<\/h3>\n<p>Es existiert keine Norm zu diesen Angaben. Einheitlich ist nur die erste Angabe bei einem Schlauch und die bezeichnet den INNEN-DURCHMESSER. Alle weiteren Bezeichnungen liegen bei den jeweiligen Herstellern. Auch im EKT wird manchmal als 2. Angabe der Aussen-Durchmesser (z.B. 12 x 19) und manchmal die Wandst\u00e4rke (z.B. 3,5 x 2) angeben.<\/p>\n<h3><a name=\"_Toc444197421\"><\/a>1.1.2\u00a0\u00a0\u00a0\u00a0\u00a0\u00a0\u00a0\u00a0 Unterdruckpumpe\/ VerteilunG<\/h3>\n<p><img loading=\"lazy\" decoding=\"async\" class=\"alignnone wp-image-233\" src=\"http:\/\/dieselbibel.de\/wp-content\/uploads\/2017\/02\/v17.png\" alt=\"\" width=\"594\" height=\"395\" \/><\/p>\n<p>1. Unterdruckpumpe<br \/>\nUnterdruck-Rohr mit Verteilung<br \/>\n8. Unterdruck-Schlauch (12 x 19)<br \/>\n11. Verschluss-Stopfen f\u00fcr SchaltgetriebeSchlauch 8 ist thermisch hoch belastet und kann die Ursache von Undichtigkeiten sein.<br \/>\nDie Leitung 7 sollte ges\u00e4ubert werden. Partikel k\u00f6nnen die Leitungen des Rail-Verteilers verstopfen.<\/p>\n<p>Fr\u00fchere Baujahre ohne Automatik verf\u00fcgen \u00fcber eine Verteilung mit nur 3 Anschl\u00fcssen: Hierbei f\u00e4llt auf, dass der linke Anschluss l\u00e4nger ist, als die anderen beiden. Der lange Anschluss ist f\u00fcr die Motorlager-Verstellung vorgesehen, die anderen beiden f\u00fcr die AGR\u00a0und VTG\u00a0Verstellung.<\/p>\n<h3><a name=\"_Toc444197422\"><\/a>1.1.3\u00a0\u00a0\u00a0\u00a0\u00a0\u00a0\u00a0\u00a0 Anschluss Bremskraftverst\u00e4rker<\/h3>\n<p style=\"text-align: center;\"><img loading=\"lazy\" decoding=\"async\" class=\"alignnone wp-image-165\" src=\"http:\/\/dieselbibel.de\/wp-content\/uploads\/2017\/02\/v18.png\" alt=\"\" width=\"529\" height=\"369\" \/><br \/>\nLeitung Bremskraftverst\u00e4rker<\/p>\n<p>11. Schlauch 12 x 19<br \/>\n12. Winkel-R\u00fcckschlagventil 34 30 1163634 (nur bei Klimaautomatik 34 30 1163607)<\/p>\n<h3><a name=\"_Toc444197423\"><\/a>1.1.4\u00a0\u00a0\u00a0\u00a0\u00a0\u00a0\u00a0\u00a0 AGR-Ventil:<\/h3>\n<p style=\"text-align: center;\"><img loading=\"lazy\" decoding=\"async\" class=\"alignnone wp-image-166\" src=\"http:\/\/dieselbibel.de\/wp-content\/uploads\/2017\/02\/v19.png\" alt=\"\" width=\"483\" height=\"300\" \/><br \/>\nLage AGR-Verstellung<\/p>\n<p>1. Druckwandler(Druckregelventil) AGRVentil<br \/>\n3. u. 4. Unterdruckschl\u00e4uche (3,5 x 2;\u00a0 sw-bl)Den Druckwandler (Druckregelventil) \u00a0findet man unter des Luftsammlers\u00a0unterhalb der Gl\u00fchkerzen. Das ist der linke (von der linken Wagenseite aus betrachtet)<\/p>\n<p>Zur Erreichung der Abgasnorm wird ein Teil der Abgase wieder dem Verbrennungsprozess zu gef\u00fchrt. Damit gelangt eine Menge von \u00d6lkohle belastete Abgase in den \u201eAnsaugtrakt\u201c.\u00a0 Im E39 Forum gibt es eine Reihe von Threads, die das Stillegen des AGR Ventil beschreiben. <em>Der Autor r\u00e4t von einem kompletten Stillegen ab, da damit das gesamte Verhalten des Motors negativ beeinflusst werden kann. Vielmehr sollte man in der Fachwerkstatt um eine Programmierung zur VERRINGERUNG der Abgaswerte oder ERH\u00d6HUNG des Frischluftwertes nachfragen. Dass kann bis zu einem Wert von 87% gemacht werden. Der Erfolg ist eine Leistungssteigerung und ein deutlich weniger verschmutzter Ansaugtrakt.<\/em><\/p>\n<h3><a name=\"_Toc444197424\"><\/a>1.1.5\u00a0\u00a0\u00a0\u00a0\u00a0\u00a0\u00a0\u00a0 Motorlager-Verstellung<\/h3>\n<p style=\"text-align: center;\"><img loading=\"lazy\" decoding=\"async\" class=\"alignnone wp-image-167\" src=\"http:\/\/dieselbibel.de\/wp-content\/uploads\/2017\/02\/v20.png\" alt=\"\" width=\"543\" height=\"361\" \/><br \/>\nLage Motorlager<\/p>\n<p>7. u. 8. Motorlager<br \/>\n18. u 19. Unterdruck-Schl\u00e4uche (3,5 x 2; sw-rt)<br \/>\n20., 21, 22 Schlauch-Kupplungen<br \/>\n17. Druckwandler(Druckregelventil) \u00a0Motorlager<\/p>\n<p>Je nach Motor-Temperatur \u00a0wird die Lagerung des Motorblockes h\u00e4rter oder weicher gestellt, um die Vibrationen bei einem kalten Motor zu minimieren und bei einem warmen Motor die Lagerung fester zu machen, damit das Fahrverhalten des gesamten Fahrzeuges besser abgestimmt ist.<br \/>\nDie Motorlager werden unter folgenden Bedingungen angesteuert, dh. auf &#8222;weich&#8220; geschaltet, um den Komfort bei Standgas zu erh\u00f6hen:<\/p>\n<ul>\n<li>Geschwindigkeit &lt; 60 km\/h<\/li>\n<li>Drehzahl &lt; 1200 upm (je nach Motortemperatur, bei warmem Motor wird die Grenze auf bis zu 1050 upm gesenkt)<\/li>\n<\/ul>\n<p>Diese Lager unterliegen einem Verschlei\u00df und k\u00f6nnen \u2013 neben dem Schlauchsystem \u2013 selbst undicht werden.<br \/>\nDen Druckwandler\u00a0(Druckregelventil) findet man unter des Luftsammlers\u00a0unterhalb der Gl\u00fchkerzen. Das ist der rechte (von der linken Wagenseite aus betrachtet)<\/p>\n<h3><a name=\"_Toc444197425\"><\/a>1.1.6\u00a0\u00a0\u00a0\u00a0\u00a0\u00a0\u00a0\u00a0 Turbolader-Verstellung:<\/h3>\n<p><img loading=\"lazy\" decoding=\"async\" class=\"alignnone wp-image-168\" src=\"http:\/\/dieselbibel.de\/wp-content\/uploads\/2017\/02\/v21.png\" alt=\"\" width=\"561\" height=\"336\" \/><br \/>\nDruckwandlerTurbo-Verstellung (VTG)<br \/>\n6.\u00a0\u00a0\u00a0\u00a0\u00a0\u00a0\u00a0\u00a0 Unterdruck-Speicher<br \/>\n9. \u00a0\u00a0\u00a0\u00a0\u00a0\u00a0\u00a0 Textil-Unterdruckschlauch (3,5 x 2)<br \/>\n10., 11. Unterdruck-Schl\u00e4uche (3,5 x 2; sw-bl)<\/p>\n<p>Der Druckwandler (Druckregelventil) und der Unterdruckspeicher befinden sich auf der re. Motorseite oberhalb des Turboladers. Die Turbo-Verstellung bewirkt ein Anheben des relativen Ladedruck\u00a0bei niedrigen Drehzahlen (Vermeidung des Turboloch).<br \/>\nDamit sich bei Ausfall des Unterdruck-Systems der Turbolader\u00a0in dem sicheren Bereich (relativ geringer Ladedruck f\u00fcr hohe Drehzahlen) befindet, muss diese Stellung der Normfall (also ohne Unterdruck) sein. Daraus folgt, dass schon bei geringer Motordrehzahl (Standgas) ein gen\u00fcgend hoher Unterdruck herrschen muss, damit bei Standgas die Regelung in den Bereich \u201erelativ hoher Ladedruck\u201c fahren kann.<\/p>\n<h3><a name=\"_Toc444197426\"><\/a>1.1.7\u00a0\u00a0\u00a0\u00a0\u00a0\u00a0\u00a0\u00a0 Drallklappen-Verstellung (nur Automatik):<\/h3>\n<p style=\"text-align: center;\"><img loading=\"lazy\" decoding=\"async\" class=\"alignnone wp-image-169\" src=\"http:\/\/dieselbibel.de\/wp-content\/uploads\/2017\/02\/v22.png\" alt=\"\" width=\"534\" height=\"418\" \/><br \/>\nLage Drallklappen-Verstellung<\/p>\n<p>1. Luftsammler<br \/>\n9. \u00a0\u00a0\u00a0\u00a0\u00a0\u00a0\u00a0 Unterdruck-Dose Drallklappen<br \/>\n11.\u00a0\u00a0\u00a0\u00a0\u00a0\u00a0 Druckwandler\u00a0Drall-Klappenverstellung<br \/>\n10., 12. Unterdruck-Schl\u00e4uche (3,5 x 2; sw-ge)<\/p>\n<p>Der Druckwandler\u00a0(Druckregelventil) ist unterhalb des Luftsammlers\u00a0befestigt.<\/p>\n<p>Zu Verbesserung des Abgasverhaltens und einer leichten Drehmoment-Erh\u00f6hung sind bei Fahrzeugen mit Automatik-Getriebe sind zus\u00e4tzlich Drall-Klappen in dem Ansaugbr\u00fccke\u00a0verbaut.<br \/>\nHier wird bei den unteren Ansaugkan\u00e4len eine Art Drosselklappe angesteuert.<br \/>\n<span style=\"color: #ff0000;\">Diese Drall-Klappen sind Ursache vieler Motorsch\u00e4den.<\/span> Nach einer Laufzeit von ca. 100-150 tkm haben sich eine Reihe von diesen Klappen gelockert und den Weg zum Ventil , in den Zylinder ja manchmal bis zur Abgasseite des Turboladers gefunden. Von einer notwendigen \u00dcberarbeitung der Ventile bis hin zu Motor-Totalsch\u00e4den reicht die Palette.<\/p>\n<p>Der Autor r\u00e4t dringend, nach dieser Laufleistung diese Drallklappen\u00a0komplett zu entfernen oder eine Erneuerung des Luftsammlers in Betracht zu ziehen. N\u00e4heres ist unter<a href=\"http:\/\/dieselbibel.de\/?page_id=66\"> <strong><em>Die Drallklapen-Problematik<\/em><\/strong><\/a> beschrieben<\/p>\n<h3><a name=\"_Toc444197427\"><\/a>1.1.8\u00a0\u00a0\u00a0\u00a0\u00a0\u00a0\u00a0\u00a0 Austausch der Unterdruck-Schl\u00e4uche<\/h3>\n<p>Es werden insgesamt 3 verschiedene Unterdruckschl\u00e4uche\u00a0verwendet. Hier die ben\u00f6tigten L\u00e4ngen zum Austausch, da diese Ware als Meterware verkauft wird (Gesamtpreis ca. 60 \u20ac bei BMW).<\/p>\n<ul>\n<li>Ein Dicker Schlauch mit 19 mm Durchmesser von der Vakuumpumpe zum Verteiler und vom Verteilerrohr zum BKV\u00a0 (1m) BMW-Nr. 34 33 1 108 710\u00a0 (12&#215;19)<\/li>\n<li>Einfache Gummischl\u00e4uche mit 3,5 mm Durchmesser f\u00fcr die Verstellungen Drallklappen, AGR-Ventil, Motorlager (6m)\u00a0 BMW-Nr. 11 72 7 545 323 (3,5&#215;2)<br \/>\nAnmerkung: Es gibt diese Schl\u00e4uche mit unterschiedlichen Farben. BMW Werkst\u00e4tten verwenden bei der Reparatur jedoch nur noch eine schwarze Version.<\/li>\n<li>Ein Textil-ummantelter Schlauch zur Turboverstellung (1,5 m) BMW-Nr. 11 74 7 797 129 (3,5&#215;2)<\/li>\n<\/ul>\n<p>Der Schlauch Nr. 2 k\u00f6nnte auch etwas g\u00fcnstiger im Fachhandel besorgt werden. Man muss jedoch darauf achten, dass dieser eine gewisse Stabilit\u00e4t aufweist (d.h. der Unterdruck\u00a0diesen nicht zusammenziehen kann). Da dieser auch noch thermisch gut belastet ist, r\u00e4t der Autor, diese Schl\u00e4uche bei BMW zu kaufen.<\/p>\n<p>Eine gute Alternative f\u00fcr die Reparatur der d\u00fcnnen Schl\u00e4uche (3,5 mm Durchmesser) ist der Einsatz von Silikonschl\u00e4uchen. Einige Forumskollegen haben Qualit\u00e4tsschl\u00e4uche, speziell f\u00fcr Unterdruck (z.B. von Samco) mit Erfolg eingesetzt. Silikon ist thermisch wesentlich best\u00e4ndiger und dichter. Diese Qualit\u00e4t ist auch f\u00fcr die sensible Leitung zum Turbolader einsetzbar. Dieser Schlauch (z.B.\u00a0 Samco Unterdruckschlauch vt3b2w) ist als Meterware f\u00fcr unter 3\u20ac \/Meter erh\u00e4ltlich. Hier raten die Forumskollegen zu 3 mm Durchmesser und 6 m L\u00e4ge f\u00fcr einen kompletten Austausch (ohne Drallklappen).<br \/>\nAus diesem komplizierten System kann eine Vielzahl von Fehlerursachen entstehen und die Fehlersuche gestaltet sich nicht sonderlich einfach.<\/p>\n<p>User blue_racer hat eine sehr detaillierte <a href=\"http:\/\/http%3A%2F%2Fdownload.speedy-pics.de%2Fuploads%2Fweblink%2FM57_Unterdruckschlaeuche_ersetzen.pdf\">Anleitung zum Tausch der Unterdruckschl\u00e4uche<\/a>\u00a0 erstellt. Als vorbereitende Information (Ausbau des Luftsammlers etc) dient diese <a href=\"http:\/\/dieselbibel.de\/?page_id=87\">Anleitung<\/a><\/p>\n<h3><a name=\"_Toc444197428\"><\/a>1.1.9\u00a0\u00a0\u00a0\u00a0\u00a0\u00a0\u00a0\u00a0 Anbringen einer U-Druck-Messstelle<\/h3>\n<p>Die Unterdruck-Rail-Leitung hat in den meisten F\u00e4llen 4 Anschl\u00fcsse. Bei einem Schalt-Getriebefahrzeug ist der 4. Anschluss mittels eines Blindstopfen verschlossen, bei einem Automatik sollte man tunlichst die Drallklappen-Steuerung entfernen; dadurch wird dieser Anschluss ebenfalls frei.<\/p>\n<p>Die Empfehlung ist, diesen freien Anschluss als Messstelle zu nutzen. Hierbei kann ein 10-20 cm langer Schlauch aufgesteckt werden, welcher mit einer 4mm Schraube mit 4mm Schaft (wegen m\u00f6glicher Undichtigkeiten am Gewinde) verschlossen werden. So kann man bei \u00dcberpr\u00fcfung des Unterdruck-Systems leicht die Messger\u00e4te anschlie\u00dfen.<\/p>\n<h3><a name=\"_Toc444197429\"><\/a>1.1.10\u00a0\u00a0\u00a0\u00a0 Sonderfall: Verstopfte Unterdruck-Railleitung<\/h3>\n<p>Ein Fall ist bekannt, dort hatte sich ein kleines Plastikst\u00fcck in der Unterdruck-Verteilung genau am Stutzen des Unterdruckschlauches f\u00fcr den Turbo eingenistet. Die Folge waren sporadische Leistungseinbr\u00fcche im unteren Drehzahlband.<\/p>\n<h3><a name=\"_Toc444197430\"><\/a>1.1.11\u00a0\u00a0\u00a0\u00a0 Sonderfall: Verstopfter Anschluss an der Unterdruck-Dose<\/h3>\n<p>Ein E39-forums-Mitglied hatte den Fall, dass<\/p>\n<ul>\n<li>der Unterdruck direkt zwischen Dose und Unterdruckspeicher gemessen auf dem richtigen Niveau gehalten wurde<\/li>\n<li>die Regelstange sich etwas Kraftaufwand auch mit der Hand verstellen lie\u00df und<\/li>\n<li>der Unterdruck im System v\u00f6llig in Ordnung war.<\/li>\n<\/ul>\n<p>Trotzdem bewegte sich die Regelstange bei Motorstart nicht. Die Ursache war eine Verstopfung im Schlauch-Stutzen der Unterdruckdose.<\/p>\n<table width=\"100%\">\n<tbody>\n<tr>\n<td style=\"text-align: center;\"><img loading=\"lazy\" decoding=\"async\" class=\"alignnone size-full wp-image-170 aligncenter\" src=\"http:\/\/dieselbibel.de\/wp-content\/uploads\/2017\/02\/v23.png\" alt=\"\" width=\"550\" height=\"498\" srcset=\"https:\/\/dieselbibel.de\/wp-content\/uploads\/2017\/02\/v23.png 550w, https:\/\/dieselbibel.de\/wp-content\/uploads\/2017\/02\/v23-300x272.png 300w, https:\/\/dieselbibel.de\/wp-content\/uploads\/2017\/02\/v23-331x300.png 331w\" sizes=\"auto, (max-width: 550px) 100vw, 550px\" \/>Verstopfte Unterdruckdose<\/td>\n<\/tr>\n<\/tbody>\n<\/table>\n<h3><a name=\"_Toc444197431\"><\/a>1.1.12\u00a0\u00a0\u00a0\u00a0 Sonderfall: Prellendes Druck-Regelventil<\/h3>\n<p>Ein weiterer seltener Fall bestand in einem seltsam arbeitenden Druck-Regelventil. Obwohl der Widerstandswert des Ventils korrekt bei ca. 16 Ohm lag, schaltet das Ventil unregelm\u00e4\u00dfig in engen Intervallen.<br \/>\nDieser Fall konnte nur durch Probieren herausgefunden werden. Der User hatte noch ein Ventil von der ausgebauten Drallklappen-Steuerung \u00fcbrig und konnte das Verhalten damit testen. Allerdings ist dieses Druck-Regelventil nicht f\u00fcr den Dauereinsatz am Turbo geeignet.<\/p>\n<p>&nbsp;<\/p>\n","protected":false},"excerpt":{"rendered":"<p>1.1\u00a0\u00a0\u00a0\u00a0\u00a0\u00a0 Unterdruck-System Da ab dem Turbolader\u00a0im gesamten \u201eAnsaug\u201c-System ein \u00dcberdruck herrscht (im Gegensatz zu Sauger-Motoren) besitzt der M57\u00a0Motor eine Unterdruckpumpe, die von der Nockenwelle angetrieben wird. Der Unterdruck\u00a0im\u00a0 gesamten System muss mindestens 650 mbar betragen. Dieser herrschende Unterdruck\u00a0ist die Kraft &hellip; <a href=\"https:\/\/dieselbibel.de\/?page_id=60\">Weiterlesen <span class=\"meta-nav\">&rarr;<\/span><\/a><\/p>\n","protected":false},"author":1,"featured_media":0,"parent":0,"menu_order":0,"comment_status":"closed","ping_status":"closed","template":"","meta":{"footnotes":""},"class_list":["post-60","page","type-page","status-publish","hentry"],"_links":{"self":[{"href":"https:\/\/dieselbibel.de\/index.php?rest_route=\/wp\/v2\/pages\/60","targetHints":{"allow":["GET"]}}],"collection":[{"href":"https:\/\/dieselbibel.de\/index.php?rest_route=\/wp\/v2\/pages"}],"about":[{"href":"https:\/\/dieselbibel.de\/index.php?rest_route=\/wp\/v2\/types\/page"}],"author":[{"embeddable":true,"href":"https:\/\/dieselbibel.de\/index.php?rest_route=\/wp\/v2\/users\/1"}],"replies":[{"embeddable":true,"href":"https:\/\/dieselbibel.de\/index.php?rest_route=%2Fwp%2Fv2%2Fcomments&post=60"}],"version-history":[{"count":4,"href":"https:\/\/dieselbibel.de\/index.php?rest_route=\/wp\/v2\/pages\/60\/revisions"}],"predecessor-version":[{"id":401,"href":"https:\/\/dieselbibel.de\/index.php?rest_route=\/wp\/v2\/pages\/60\/revisions\/401"}],"wp:attachment":[{"href":"https:\/\/dieselbibel.de\/index.php?rest_route=%2Fwp%2Fv2%2Fmedia&parent=60"}],"curies":[{"name":"wp","href":"https:\/\/api.w.org\/{rel}","templated":true}]}}