{"id":279,"date":"2017-02-13T20:38:10","date_gmt":"2017-02-13T20:38:10","guid":{"rendered":"http:\/\/dieselbibel.de\/?page_id=279"},"modified":"2017-02-15T11:19:16","modified_gmt":"2017-02-15T11:19:16","slug":"ausbau-der-standheizung","status":"publish","type":"page","link":"https:\/\/dieselbibel.de\/?page_id=279","title":{"rendered":"Ausbau der Standheizung"},"content":{"rendered":"<p>Hintergrund:<\/p>\n<p>Das Gebl\u00e4se von meinem Zuheizer sprang beim T\u00fcren\/Heckklappen \u00d6ffnen an. Ansonsten aber keine Funktion .<br \/>\nIch wollte den Service von <a href=\"http:\/\/www.standheizung-diagnose.de\">Hermann Kohler<\/a> (heko850) zur Reparatur des Steuerger\u00e4tes nutzen.<\/p>\n<h2>Ben\u00f6tigte Werkzeuge:<\/h2>\n<ul>\n<li>8er \/10er Nu\u00df mit entsprechenden Verl\u00e4ngerungen<\/li>\n<li>kleiner\/mittlerer Schraubendreher<\/li>\n<li>Seitenschneider, Wasserpumpen\/Kombizange<\/li>\n<li>2. Unterstell-Bock f\u00fcr das Fahrzeug<\/li>\n<li>2 Spannzangen oder kleine Schraubzwingen mit einer kleinen Holzleiste<\/li>\n<li>zum Ausbau der Elektronik: Torx 20 und 25<\/li>\n<\/ul>\n<p>Falls die Schrauben vom Elektronikgeh\u00e4use abrei\u00dfen:<\/p>\n<ul>\n<li>L\u00f6tlampe\/Hartlot\/ 4mm Muttern<\/li>\n<li>Hei\u00dfluft Pistole; K\u00e4ltespray<\/li>\n<li>WD80 o.\u00e4. Kriech\u00f6l,<\/li>\n<\/ul>\n<h2>Ben\u00f6tigte Teile<\/h2>\n<ul>\n<li><span style=\"color: #800000;\"><strong>\u00be\u201c Schlauchkupplung (zum &#8222;Kurzschlie\u00dfen&#8220; des K\u00fchlwasser-Kreislaufes)<br \/>\n<\/strong><\/span><\/li>\n<li>kleine Schlauchschelle (10 mm)<\/li>\n<li>K\u00fchlwasser-Frostschutzmittel<\/li>\n<\/ul>\n<h2>Arbeitszeit:<\/h2>\n<ul>\n<li>ca. 2 h, mit abgerissenen Schrauben bis zu 3h.<\/li>\n<\/ul>\n<p><strong>Diese Arbeiten sind bei kaltem Motor durchzuf\u00fchren, da K\u00fchlwasser austreten wird.<\/strong><\/p>\n<ol>\n<li>Fahrzeug links anheben, Rad abschrauben und den 2. Unterstellbock so anbringen das die linke untere Bodenabdeckung frei zug\u00e4nglich ist. (Am besten vorne links an dem Achstr\u00e4ger.<\/li>\n<li>Die 13 Schrauben (A) der Radhaus-Verkleidung und die 3 Spreiznieten (B) entfernen<img loading=\"lazy\" decoding=\"async\" class=\"alignnone size-large wp-image-316\" src=\"http:\/\/dieselbibel.de\/wp-content\/uploads\/2017\/02\/SH1-1024x648.png\" alt=\"\" width=\"584\" height=\"370\" srcset=\"https:\/\/dieselbibel.de\/wp-content\/uploads\/2017\/02\/SH1-1024x648.png 1024w, https:\/\/dieselbibel.de\/wp-content\/uploads\/2017\/02\/SH1-300x190.png 300w, https:\/\/dieselbibel.de\/wp-content\/uploads\/2017\/02\/SH1-768x486.png 768w, https:\/\/dieselbibel.de\/wp-content\/uploads\/2017\/02\/SH1-474x300.png 474w, https:\/\/dieselbibel.de\/wp-content\/uploads\/2017\/02\/SH1.png 1202w\" sizes=\"auto, (max-width: 584px) 100vw, 584px\" \/><\/li>\n<\/ol>\n<p>Mit einem kleinen Schraubendreher o.\u00e4. den mittleren Stift durchdr\u00fccken und dann<\/p>\n<ul>\n<li>den Spreitzniet vorsichtig aushebeln.<\/li>\n<li>Radhausverkleidung abnehmen.<\/li>\n<\/ul>\n<p>Unterboden l\u00f6sen:<br \/>\n3 gro\u00dfe Spreiznieten (C) und die Aufnahme f\u00fcr den Wagenheber entfernen<img loading=\"lazy\" decoding=\"async\" class=\"alignnone size-large wp-image-317\" src=\"http:\/\/dieselbibel.de\/wp-content\/uploads\/2017\/02\/sh2-1024x374.png\" alt=\"\" width=\"584\" height=\"213\" srcset=\"https:\/\/dieselbibel.de\/wp-content\/uploads\/2017\/02\/sh2-1024x374.png 1024w, https:\/\/dieselbibel.de\/wp-content\/uploads\/2017\/02\/sh2-300x109.png 300w, https:\/\/dieselbibel.de\/wp-content\/uploads\/2017\/02\/sh2-768x280.png 768w, https:\/\/dieselbibel.de\/wp-content\/uploads\/2017\/02\/sh2-500x182.png 500w, https:\/\/dieselbibel.de\/wp-content\/uploads\/2017\/02\/sh2.png 1250w\" sizes=\"auto, (max-width: 584px) 100vw, 584px\" \/>dabei den Seitenschneider vorsichtig untersetzen und die Plastiknieten herausziehen.<br \/>\nUnterboden soweit l\u00f6sen<img loading=\"lazy\" decoding=\"async\" class=\"alignnone size-large wp-image-319\" src=\"http:\/\/dieselbibel.de\/wp-content\/uploads\/2017\/02\/sh5-1024x597.png\" alt=\"\" width=\"584\" height=\"340\" srcset=\"https:\/\/dieselbibel.de\/wp-content\/uploads\/2017\/02\/sh5-1024x597.png 1024w, https:\/\/dieselbibel.de\/wp-content\/uploads\/2017\/02\/sh5-300x175.png 300w, https:\/\/dieselbibel.de\/wp-content\/uploads\/2017\/02\/sh5-768x448.png 768w, https:\/\/dieselbibel.de\/wp-content\/uploads\/2017\/02\/sh5-500x292.png 500w, https:\/\/dieselbibel.de\/wp-content\/uploads\/2017\/02\/sh5.png 1387w\" sizes=\"auto, (max-width: 584px) 100vw, 584px\" \/>Wasser-Anschl\u00fcsse und Kraftstoff-Leitung l\u00f6sen<br \/>\nDie gesamte Heizung ist folgenderma\u00dfen verbaut:<img loading=\"lazy\" decoding=\"async\" class=\"alignnone size-large wp-image-320\" src=\"http:\/\/dieselbibel.de\/wp-content\/uploads\/2017\/02\/sh6-1024x689.png\" alt=\"\" width=\"584\" height=\"393\" srcset=\"https:\/\/dieselbibel.de\/wp-content\/uploads\/2017\/02\/sh6-1024x689.png 1024w, https:\/\/dieselbibel.de\/wp-content\/uploads\/2017\/02\/sh6-300x202.png 300w, https:\/\/dieselbibel.de\/wp-content\/uploads\/2017\/02\/sh6-768x517.png 768w, https:\/\/dieselbibel.de\/wp-content\/uploads\/2017\/02\/sh6-446x300.png 446w, https:\/\/dieselbibel.de\/wp-content\/uploads\/2017\/02\/sh6.png 1141w\" sizes=\"auto, (max-width: 584px) 100vw, 584px\" \/><\/p>\n<p>Die beiden Wasserschl\u00e4uche mit Spannzangen (oder Schraubzwingen o.\u00e4.) abklemmen und l\u00f6sen und mit der \u00be\u201c\u00a0 Kupplung verbinden.<img loading=\"lazy\" decoding=\"async\" class=\"alignnone size-large wp-image-321\" src=\"http:\/\/dieselbibel.de\/wp-content\/uploads\/2017\/02\/sh7-1024x517.png\" alt=\"\" width=\"584\" height=\"295\" srcset=\"https:\/\/dieselbibel.de\/wp-content\/uploads\/2017\/02\/sh7-1024x517.png 1024w, https:\/\/dieselbibel.de\/wp-content\/uploads\/2017\/02\/sh7-300x152.png 300w, https:\/\/dieselbibel.de\/wp-content\/uploads\/2017\/02\/sh7-768x388.png 768w, https:\/\/dieselbibel.de\/wp-content\/uploads\/2017\/02\/sh7-500x253.png 500w, https:\/\/dieselbibel.de\/wp-content\/uploads\/2017\/02\/sh7.png 1219w\" sizes=\"auto, (max-width: 584px) 100vw, 584px\" \/><\/p>\n<p>Kraftstoff-Leitung abnehmen (diese Schelle wird nicht mehr verwendet werden k\u00f6nnen) und mit einer einfachen Blech-Schraube oder einem Kabelbinder und umknicken sichern. Kraftstoff wird keiner mehr gef\u00f6rdert, ist also unkritisch.<\/p>\n<p>Heizung ausbauen<br \/>\nDie Heizung wird durch zwei 10er (6mm) Schrauben (J) und zwei Haltebolzen in Gummilagern (K) gehalten. <img loading=\"lazy\" decoding=\"async\" class=\"alignnone size-large wp-image-322\" src=\"http:\/\/dieselbibel.de\/wp-content\/uploads\/2017\/02\/sh8-1024x811.png\" alt=\"\" width=\"584\" height=\"463\" srcset=\"https:\/\/dieselbibel.de\/wp-content\/uploads\/2017\/02\/sh8-1024x811.png 1024w, https:\/\/dieselbibel.de\/wp-content\/uploads\/2017\/02\/sh8-300x238.png 300w, https:\/\/dieselbibel.de\/wp-content\/uploads\/2017\/02\/sh8-768x608.png 768w, https:\/\/dieselbibel.de\/wp-content\/uploads\/2017\/02\/sh8-379x300.png 379w, https:\/\/dieselbibel.de\/wp-content\/uploads\/2017\/02\/sh8.png 1028w\" sizes=\"auto, (max-width: 584px) 100vw, 584px\" \/><\/p>\n<p>Von unten die beiden 6mm Schrauben (L) l\u00f6sen. Auf keinen Fall die kleinen Schrauben vom Auspuff-Kr\u00fcmmer (M) l\u00f6sen. Die sind meist total festgerostet.<img loading=\"lazy\" decoding=\"async\" class=\"alignnone size-large wp-image-323\" src=\"http:\/\/dieselbibel.de\/wp-content\/uploads\/2017\/02\/sh9-1024x764.png\" alt=\"\" width=\"584\" height=\"436\" srcset=\"https:\/\/dieselbibel.de\/wp-content\/uploads\/2017\/02\/sh9-1024x764.png 1024w, https:\/\/dieselbibel.de\/wp-content\/uploads\/2017\/02\/sh9-300x224.png 300w, https:\/\/dieselbibel.de\/wp-content\/uploads\/2017\/02\/sh9-768x573.png 768w, https:\/\/dieselbibel.de\/wp-content\/uploads\/2017\/02\/sh9-402x300.png 402w, https:\/\/dieselbibel.de\/wp-content\/uploads\/2017\/02\/sh9.png 1043w\" sizes=\"auto, (max-width: 584px) 100vw, 584px\" \/><\/p>\n<p>Wenn die beiden 6er Schrauben draussen sind, l\u00e4sst sich die Heizung in den Gummi-Lagern nach oben schwenken und das Auspuffrohr (in der Schutzmanschette) (N) kann vom Kr\u00fcmmer gezogen werden. Das ist nur einfach aufgesteckt.<img loading=\"lazy\" decoding=\"async\" class=\"alignnone size-large wp-image-324\" src=\"http:\/\/dieselbibel.de\/wp-content\/uploads\/2017\/02\/sh10-1024x577.png\" alt=\"\" width=\"584\" height=\"329\" srcset=\"https:\/\/dieselbibel.de\/wp-content\/uploads\/2017\/02\/sh10-1024x577.png 1024w, https:\/\/dieselbibel.de\/wp-content\/uploads\/2017\/02\/sh10-300x169.png 300w, https:\/\/dieselbibel.de\/wp-content\/uploads\/2017\/02\/sh10-768x432.png 768w, https:\/\/dieselbibel.de\/wp-content\/uploads\/2017\/02\/sh10-500x282.png 500w, https:\/\/dieselbibel.de\/wp-content\/uploads\/2017\/02\/sh10.png 1087w\" sizes=\"auto, (max-width: 584px) 100vw, 584px\" \/><\/p>\n<p>Dann die Heizung in Richtung Fahrzeugmitte aus den Gummi-Lagern herausdr\u00fccken. Die beiden elektrischen Anschl\u00fcsse l\u00f6sen und das K\u00fchlwasser in der Heizung entsorgen.<br \/>\nEvtl. K\u00fchlwasser nachf\u00fcllen.<\/p>\n<h2>Beim Einbau zu beachten:<\/h2>\n<p>Die Heizung ist an einem wirklich ung\u00fcnstigen Punkt eingebaut und liegt direkt unter dem Abfluss des Kastens vom Bremskraftverst\u00e4rker (siehe Thread Laub im Bremskraftverst\u00e4rker). Die ganze Br\u00fche flie\u00dft immer \u00fcber die Heizung und kann die Elektronik komplett ruinieren.<img loading=\"lazy\" decoding=\"async\" class=\"alignnone size-full wp-image-325\" src=\"http:\/\/dieselbibel.de\/wp-content\/uploads\/2017\/02\/sh11.png\" alt=\"\" width=\"812\" height=\"828\" srcset=\"https:\/\/dieselbibel.de\/wp-content\/uploads\/2017\/02\/sh11.png 812w, https:\/\/dieselbibel.de\/wp-content\/uploads\/2017\/02\/sh11-294x300.png 294w, https:\/\/dieselbibel.de\/wp-content\/uploads\/2017\/02\/sh11-768x783.png 768w\" sizes=\"auto, (max-width: 812px) 100vw, 812px\" \/><\/p>\n<p>Deshalb r\u00e4t auch Hermann Kohler, eine Abdeckung einzusetzen. Ich hab einfach ein St\u00fcck festeres, aber noch biegsames Kunststoff zurechtgeschnitten, einen Schlitz f\u00fcr die Leitung vom Seitenblinker angebracht und \u00fcber die Heizung geschoben. Nach vorne hin hab ich das etwas l\u00e4nger gelassen und beim Einbau quasi als Dach nach unten gebogen.<br \/>\nBeim Einbau muss deutlich mehr Wasser\/Frostschutz nachgef\u00fcllt und die Anlage nach Vorschrift entl\u00fcftet werden.<br \/>\nEin Vorbef\u00fcllen der Heizung kann etwas helfen, die Gefahr ist aber, das die ganze Sosse beim Einbau wieder rausflie\u00dft. Darum w\u00fcrde ich das nicht machen.<\/p>\n<p>Damit man die Heizung leichter in die Gummilager reinbringt, etwas Kriech\u00f6l verwenden.<\/p>\n<h2>Ausbau der Elektronik:<\/h2>\n<p>Die Steuereinheit befindet sich unter der hinteren schwarzen Abdeckung (O), die zus\u00e4tzlichen internen elektrischen Anschl\u00fcsse unter der mittleren Abdeckung (P).<br \/>\nDie Mittlere Abdeckung mittels eines Schraubendrehers abklipsen (Q)<img loading=\"lazy\" decoding=\"async\" class=\"alignnone size-full wp-image-326\" src=\"http:\/\/dieselbibel.de\/wp-content\/uploads\/2017\/02\/sh12.png\" alt=\"\" width=\"564\" height=\"738\" srcset=\"https:\/\/dieselbibel.de\/wp-content\/uploads\/2017\/02\/sh12.png 564w, https:\/\/dieselbibel.de\/wp-content\/uploads\/2017\/02\/sh12-229x300.png 229w\" sizes=\"auto, (max-width: 564px) 100vw, 564px\" \/><\/p>\n<p>Die 4 Schrauben (R) sind meist so fest, dass sie beim Ausbau abrei\u00dfen (gl\u00fccklicherweise meist direkt unterhalb vom Schraubenkopf).<\/p>\n<p>Wenn die beiden Abdeckungen entfernt sind, muss man noch eine kleine Schraube in der Elektronik l\u00f6sen, die den W\u00e4rmef\u00fchler und einen Leistungstransistor auf dem Alugeh\u00e4use fixiert. Dann die Elektronik entnehmen und ggfs. zu <a href=\"http:\/\/www.standheizung-diagnose.de\">Hermann Kohle<\/a>r schicken.<\/p>\n<h2>Ich konnte die abgerissenen Schrauben folgenderma\u00dfen l\u00f6sen:<\/h2>\n<p>Ich habe eine 4er Mutter auf den abgerissenen Bolzenstumpf hartgel\u00f6tet. WD-40 eingesetzt, dann das Alugeh\u00e4use an der betreffenden Gewindebohrung mit der Hei\u00dfluftpistole richtig hei\u00df gemacht und die Schraube mit K\u00e4ltespray abgek\u00fchlt. Dann mit einem Ringschl\u00fcssel vorsichtig erste Lockerungen eingeleitet und schlussendlich gel\u00f6st.<\/p>\n<p>Ein Ausbohren wird nicht funktionieren. Die Schrauben haben einen erh\u00f6hten H\u00e4rtegrad und sind zu klein um mit einem Linksdrall-Bohrer zu arbeiten. Au\u00dferdem w\u00fcrde der Bohrer immer ins weiche Alu laufen.<\/p>\n<p>Hier noch das elektrische Anschlu\u00df-Schema:<img loading=\"lazy\" decoding=\"async\" class=\"alignnone size-full wp-image-327\" src=\"http:\/\/dieselbibel.de\/wp-content\/uploads\/2017\/02\/sh13.png\" alt=\"\" width=\"911\" height=\"555\" srcset=\"https:\/\/dieselbibel.de\/wp-content\/uploads\/2017\/02\/sh13.png 911w, https:\/\/dieselbibel.de\/wp-content\/uploads\/2017\/02\/sh13-300x183.png 300w, https:\/\/dieselbibel.de\/wp-content\/uploads\/2017\/02\/sh13-768x468.png 768w, https:\/\/dieselbibel.de\/wp-content\/uploads\/2017\/02\/sh13-492x300.png 492w\" sizes=\"auto, (max-width: 911px) 100vw, 911px\" \/><\/p>\n<p>Viel Erfolg.\u00a0\u00a0\u00a0\u00a0\u00a0\u00a0\u00a0\u00a0\u00a0\u00a0\u00a0\u00a0\u00a0\u00a0\u00a0\u00a0 Uwe\u00a0 aka\u00a0 willythecat<\/p>\n<p>&nbsp;<\/p>\n","protected":false},"excerpt":{"rendered":"<p>Hintergrund: Das Gebl\u00e4se von meinem Zuheizer sprang beim T\u00fcren\/Heckklappen \u00d6ffnen an. Ansonsten aber keine Funktion . Ich wollte den Service von Hermann Kohler (heko850) zur Reparatur des Steuerger\u00e4tes nutzen. Ben\u00f6tigte Werkzeuge: 8er \/10er Nu\u00df mit entsprechenden Verl\u00e4ngerungen kleiner\/mittlerer Schraubendreher Seitenschneider, &hellip; <a href=\"https:\/\/dieselbibel.de\/?page_id=279\">Weiterlesen <span class=\"meta-nav\">&rarr;<\/span><\/a><\/p>\n","protected":false},"author":1,"featured_media":0,"parent":0,"menu_order":0,"comment_status":"closed","ping_status":"closed","template":"","meta":{"footnotes":""},"class_list":["post-279","page","type-page","status-publish","hentry"],"_links":{"self":[{"href":"https:\/\/dieselbibel.de\/index.php?rest_route=\/wp\/v2\/pages\/279","targetHints":{"allow":["GET"]}}],"collection":[{"href":"https:\/\/dieselbibel.de\/index.php?rest_route=\/wp\/v2\/pages"}],"about":[{"href":"https:\/\/dieselbibel.de\/index.php?rest_route=\/wp\/v2\/types\/page"}],"author":[{"embeddable":true,"href":"https:\/\/dieselbibel.de\/index.php?rest_route=\/wp\/v2\/users\/1"}],"replies":[{"embeddable":true,"href":"https:\/\/dieselbibel.de\/index.php?rest_route=%2Fwp%2Fv2%2Fcomments&post=279"}],"version-history":[{"count":4,"href":"https:\/\/dieselbibel.de\/index.php?rest_route=\/wp\/v2\/pages\/279\/revisions"}],"predecessor-version":[{"id":329,"href":"https:\/\/dieselbibel.de\/index.php?rest_route=\/wp\/v2\/pages\/279\/revisions\/329"}],"wp:attachment":[{"href":"https:\/\/dieselbibel.de\/index.php?rest_route=%2Fwp%2Fv2%2Fmedia&parent=279"}],"curies":[{"name":"wp","href":"https:\/\/api.w.org\/{rel}","templated":true}]}}