{"id":228,"date":"2017-02-13T17:53:01","date_gmt":"2017-02-13T17:53:01","guid":{"rendered":"http:\/\/dieselbibel.de\/?page_id=228"},"modified":"2017-02-15T11:36:06","modified_gmt":"2017-02-15T11:36:06","slug":"m57tu-m57tu2-motor","status":"publish","type":"page","link":"https:\/\/dieselbibel.de\/?page_id=228","title":{"rendered":"M57TU \/  M57TU2 Motor"},"content":{"rendered":"<p>Sammlung:<\/p>\n<ol>\n<li>Ge\u00e4nderte Hochdruckpumpe<\/li>\n<li>Ge\u00e4nderte Injektoren\n<ol>\n<li>Hochdruck 1.600 bar.<\/li>\n<li>Positionen d\u00fcrfen nicht ge\u00e4ndert werden<\/li>\n<li>neue m\u00fcssen eincodiert werden.<\/li>\n<\/ol>\n<\/li>\n<li>kein Hochdruck-REgelventil an der HDP\n<ol>\n<li>an der HDP ist ein Mengenregler<\/li>\n<li>Hochdruck.Regelventil ist an der Rail hinten; hat verbesserte Dichtungen, diese fallen kaum noch aus.<\/li>\n<li>Raildruck-Sensor ist vorne an der Rail<\/li>\n<\/ol>\n<\/li>\n<li>Kr\u00fcmmer sind aus geschwei\u00dftem Edelstahl, diese reissen leicht beim 6 Zylinder.\n<ol>\n<li>K\u00f6nnen duch ein Gu\u00df-Kr\u00fcmmer ersetzt werden<\/li>\n<\/ol>\n<\/li>\n<li>Kein Gl\u00fchkerzen-Relais mehr, sondern ein Gl\u00fchkerzen-Steuerger\u00e4t unterhalb des K\u00fchlwasserstutzens (Mitte Motor)<\/li>\n<li>ge\u00e4nderte Gl\u00fchkerzen (DPF) mit Freibrenn-Funktion<\/li>\n<li><\/li>\n<\/ol>\n","protected":false},"excerpt":{"rendered":"<p>Sammlung: Ge\u00e4nderte Hochdruckpumpe Ge\u00e4nderte Injektoren Hochdruck 1.600 bar. Positionen d\u00fcrfen nicht ge\u00e4ndert werden neue m\u00fcssen eincodiert werden. kein Hochdruck-REgelventil an der HDP an der HDP ist ein Mengenregler Hochdruck.Regelventil ist an der Rail hinten; hat verbesserte Dichtungen, diese fallen kaum &hellip; <a href=\"https:\/\/dieselbibel.de\/?page_id=228\">Weiterlesen <span class=\"meta-nav\">&rarr;<\/span><\/a><\/p>\n","protected":false},"author":1,"featured_media":0,"parent":0,"menu_order":0,"comment_status":"closed","ping_status":"closed","template":"","meta":{"footnotes":""},"class_list":["post-228","page","type-page","status-publish","hentry"],"_links":{"self":[{"href":"https:\/\/dieselbibel.de\/index.php?rest_route=\/wp\/v2\/pages\/228","targetHints":{"allow":["GET"]}}],"collection":[{"href":"https:\/\/dieselbibel.de\/index.php?rest_route=\/wp\/v2\/pages"}],"about":[{"href":"https:\/\/dieselbibel.de\/index.php?rest_route=\/wp\/v2\/types\/page"}],"author":[{"embeddable":true,"href":"https:\/\/dieselbibel.de\/index.php?rest_route=\/wp\/v2\/users\/1"}],"replies":[{"embeddable":true,"href":"https:\/\/dieselbibel.de\/index.php?rest_route=%2Fwp%2Fv2%2Fcomments&post=228"}],"version-history":[{"count":4,"href":"https:\/\/dieselbibel.de\/index.php?rest_route=\/wp\/v2\/pages\/228\/revisions"}],"predecessor-version":[{"id":331,"href":"https:\/\/dieselbibel.de\/index.php?rest_route=\/wp\/v2\/pages\/228\/revisions\/331"}],"wp:attachment":[{"href":"https:\/\/dieselbibel.de\/index.php?rest_route=%2Fwp%2Fv2%2Fmedia&parent=228"}],"curies":[{"name":"wp","href":"https:\/\/api.w.org\/{rel}","templated":true}]}}