{"id":17,"date":"2017-02-10T14:04:40","date_gmt":"2017-02-10T14:04:40","guid":{"rendered":"http:\/\/dieselbibel.de\/?page_id=17"},"modified":"2019-08-07T10:06:31","modified_gmt":"2019-08-07T10:06:31","slug":"der-m57-motor-und-derivate","status":"publish","type":"page","link":"http:\/\/dieselbibel.de\/?page_id=17","title":{"rendered":"Der M57 Motor und die Weiterentwicklungen TU\/TU2"},"content":{"rendered":"<p>Der Diesel-Motor M57\u00a0&#8211; und die daraus abgeleiteten Reihen-Vierzylinder\u00a0 M47 \u2013 mit deren Nachfolgemodellen sind \u00e4u\u00dferst robuste Motoren, die nicht selten bei entsprechender Pflege eine Laufleistung von &gt; 400.000 km erreichen (Rekord sind 1,2 Mio KM). Allerdings gestaltet sich die Fehlersuche bedingt durch eine Reihe von Nebenaggregaten etwas aufw\u00e4ndig. In Forum sind viele Themen diesbez\u00fcglich eingestellt worden, hier eine \u00dcbersicht von gesammelten Erfahrungen.<\/p>\n<p>Der M57 ist in den Modellen <strong>E39<\/strong> (525d, 530d), <strong>E38<\/strong> (730d), <strong>E46<\/strong> (330d), <strong>E53<\/strong> (X5; 3,0d) und <strong>Opel Omega <\/strong>(B, 2,5DTi) verbaut. Als weiterentwickelte Versionen<\/p>\n<ul>\n<li>M57TU im <strong>E60\/61<\/strong> (525d, 530d, 535d), <strong>E46<\/strong> (330d), <strong>E83<\/strong> (X3; 3,0d), <strong>E65<\/strong> (730d), <strong>E53<\/strong> (X5; 3,0d) und als<\/li>\n<li>M57TU2 im <strong>E90\/E91 <\/strong>(325d, 330d, 353d), <strong>E60\/61 <\/strong>(525d, 530d, 535d), <strong>E70<\/strong> (X5 30d; 3,0sD), <strong>E71<\/strong> (X6 30d, 35sD), <strong>E83<\/strong> (X3 3,0sD),<\/li>\n<\/ul>\n<p>Der M47D20 mit einer VP-44 Verteiler-Einspritzpumpe wurde in den Modellen <strong>E46<\/strong> (318d, 320d) und <strong>E39<\/strong> (520d) bis 2004 verbaut. Als weiterentwickelte Versionen mit einer Common-Rail Technologie<\/p>\n<ul>\n<li>M47TU im <strong>E46<\/strong> (318d, 320d)<\/li>\n<li>M47TU2 im <strong>E87<\/strong> (118d, 120d), <strong>E90\/91<\/strong> (318d, 320d), <strong>E83<\/strong> (X3; 2,0d), <strong>E60<\/strong> (520d)<\/li>\n<\/ul>\n<p>Verwendet wurden die Bilder, Werte und Feherspeicher-Eintr\u00e4ge aus dem E39.<\/p>\n<p>Dieses Dokument fokussiert sich auf den M57 Motor. Die Unterschiede\u00a0 beim M47 Motor sowie bei den Nachfolge-Versionen (TU und TU2) sind zu beachten.<\/p>\n<p>Nach jedem Kapitel befindet\u00a0 sich\u00a0 ein Diagnose-Suchbaum als Zusammenfassung sowie zur konzentrierten Fehlersuche in einer sinnvollen Reihenfolge.<\/p>\n","protected":false},"excerpt":{"rendered":"<p>Der Diesel-Motor M57\u00a0&#8211; und die daraus abgeleiteten Reihen-Vierzylinder\u00a0 M47 \u2013 mit deren Nachfolgemodellen sind \u00e4u\u00dferst robuste Motoren, die nicht selten bei entsprechender Pflege eine Laufleistung von &gt; 400.000 km erreichen (Rekord sind 1,2 Mio KM). Allerdings gestaltet sich die Fehlersuche &hellip; <a href=\"http:\/\/dieselbibel.de\/?page_id=17\">Weiterlesen <span class=\"meta-nav\">&rarr;<\/span><\/a><\/p>\n","protected":false},"author":1,"featured_media":0,"parent":0,"menu_order":0,"comment_status":"closed","ping_status":"closed","template":"","meta":{"footnotes":""},"class_list":["post-17","page","type-page","status-publish","hentry"],"_links":{"self":[{"href":"http:\/\/dieselbibel.de\/index.php?rest_route=\/wp\/v2\/pages\/17","targetHints":{"allow":["GET"]}}],"collection":[{"href":"http:\/\/dieselbibel.de\/index.php?rest_route=\/wp\/v2\/pages"}],"about":[{"href":"http:\/\/dieselbibel.de\/index.php?rest_route=\/wp\/v2\/types\/page"}],"author":[{"embeddable":true,"href":"http:\/\/dieselbibel.de\/index.php?rest_route=\/wp\/v2\/users\/1"}],"replies":[{"embeddable":true,"href":"http:\/\/dieselbibel.de\/index.php?rest_route=%2Fwp%2Fv2%2Fcomments&post=17"}],"version-history":[{"count":4,"href":"http:\/\/dieselbibel.de\/index.php?rest_route=\/wp\/v2\/pages\/17\/revisions"}],"predecessor-version":[{"id":479,"href":"http:\/\/dieselbibel.de\/index.php?rest_route=\/wp\/v2\/pages\/17\/revisions\/479"}],"wp:attachment":[{"href":"http:\/\/dieselbibel.de\/index.php?rest_route=%2Fwp%2Fv2%2Fmedia&parent=17"}],"curies":[{"name":"wp","href":"https:\/\/api.w.org\/{rel}","templated":true}]}}